{"id":55334,"date":"2023-07-12T07:15:56","date_gmt":"2023-07-12T05:15:56","guid":{"rendered":"https:\/\/numerology-code.com\/stupac\/"},"modified":"2026-01-14T18:23:32","modified_gmt":"2026-01-14T17:23:32","slug":"stupac","status":"publish","type":"page","link":"https:\/\/numerology-code.com\/hr\/stupac\/","title":{"rendered":"Stupac"},"content":{"rendered":"\n<p><\/p>\n\n\n\n<p><\/p>\n\n\n\n<p><\/p>\n\n\n\n<p><\/p>\n\n\n\n<p><\/p>\n","protected":false},"excerpt":{"rendered":"","protected":false},"author":1723,"featured_media":0,"parent":0,"menu_order":0,"comment_status":"closed","ping_status":"closed","template":"","meta":{"_acf_changed":false,"inline_featured_image":false,"footnotes":""},"class_list":["post-55334","page","type-page","status-publish","hentry"],"acf":[],"a3_pvc":{"activated":false,"total_views":0,"today_views":0},"yoast_head":"<!-- This site is optimized with the Yoast SEO plugin v27.4 - https:\/\/yoast.com\/product\/yoast-seo-wordpress\/ -->\n<title>- stupac Numerology code<\/title>\n<meta name=\"description\" content=\"Kolumna je ona kroz koju saznajete numerolo\u0161ke tajne koje nas o\u010dekuju u narednom razdoblju i obja\u0161njavate one koje su se ve\u0107 dogodile.\" \/>\n<meta name=\"robots\" content=\"index, follow, max-snippet:-1, max-image-preview:large, max-video-preview:-1\" \/>\n<link rel=\"canonical\" href=\"https:\/\/numerology-code.com\/hr\/stupac\/\" \/>\n<meta property=\"og:locale\" content=\"hr_HR\" \/>\n<meta property=\"og:type\" content=\"article\" \/>\n<meta property=\"og:title\" content=\"6 bodova sre\u0107e\" \/>\n<meta property=\"og:description\" content=\"6 BODOVA SRE\u0106E Zbog novih-razli\u010ditih numerolo\u0161kih kombinacija i promjena glavnih brojeva tijekom cijele 2022. godine koje utje\u010du na va\u0161e...\" \/>\n<meta property=\"og:url\" content=\"https:\/\/numerology-code.com\/hr\/stupac\/\" \/>\n<meta property=\"og:site_name\" content=\"Numerology code\" \/>\n<meta property=\"article:modified_time\" content=\"2026-01-14T17:23:32+00:00\" \/>\n<meta property=\"og:image\" content=\"https:\/\/karin.si\/wp-content\/uploads\/2021\/11\/Trgovina-Web-2.jpg\" \/>\n<meta name=\"twitter:card\" content=\"summary_large_image\" \/>\n<meta name=\"twitter:title\" content=\"6 bodova sre\u0107e\" \/>\n<meta name=\"twitter:description\" content=\"6 BODOVA SRE\u0106E Zbog novih-razli\u010ditih numerolo\u0161kih kombinacija i promjena glavnih brojeva tijekom cijele 2022. godine koje utje\u010du na va\u0161e...\" \/>\n<meta name=\"twitter:image\" content=\"https:\/\/karin.si\/wp-content\/uploads\/2021\/11\/Trgovina-Web-2.jpg\" \/>\n<meta name=\"twitter:label1\" content=\"Procijenjeno vrijeme \u010ditanja\" \/>\n\t<meta name=\"twitter:data1\" content=\"1 minuta\" \/>\n<script type=\"application\/ld+json\" class=\"yoast-schema-graph\">{\"@context\":\"https:\\\/\\\/schema.org\",\"@graph\":[{\"@type\":\"WebPage\",\"@id\":\"https:\\\/\\\/numerology-code.com\\\/hr\\\/stupac\\\/\",\"url\":\"https:\\\/\\\/numerology-code.com\\\/hr\\\/stupac\\\/\",\"name\":\"- stupac Numerology code\",\"isPartOf\":{\"@id\":\"https:\\\/\\\/numerology-code.com\\\/hr\\\/#website\"},\"datePublished\":\"2023-07-12T05:15:56+00:00\",\"dateModified\":\"2026-01-14T17:23:32+00:00\",\"description\":\"Kolumna je ona kroz koju saznajete numerolo\u0161ke tajne koje nas o\u010dekuju u narednom razdoblju i obja\u0161njavate one koje su se ve\u0107 dogodile.\",\"breadcrumb\":{\"@id\":\"https:\\\/\\\/numerology-code.com\\\/hr\\\/stupac\\\/#breadcrumb\"},\"inLanguage\":\"hr\",\"potentialAction\":[{\"@type\":\"ReadAction\",\"target\":[\"https:\\\/\\\/numerology-code.com\\\/hr\\\/stupac\\\/\"]}]},{\"@type\":\"BreadcrumbList\",\"@id\":\"https:\\\/\\\/numerology-code.com\\\/hr\\\/stupac\\\/#breadcrumb\",\"itemListElement\":[{\"@type\":\"ListItem\",\"position\":1,\"name\":\"Home\",\"item\":\"https:\\\/\\\/numerology-code.com\\\/hr\\\/pocetna-stranica-2-3\\\/\"},{\"@type\":\"ListItem\",\"position\":2,\"name\":\"Stupac\"}]},{\"@type\":\"WebSite\",\"@id\":\"https:\\\/\\\/numerology-code.com\\\/hr\\\/#website\",\"url\":\"https:\\\/\\\/numerology-code.com\\\/hr\\\/\",\"name\":\"Numerology code\",\"description\":\"\",\"potentialAction\":[{\"@type\":\"SearchAction\",\"target\":{\"@type\":\"EntryPoint\",\"urlTemplate\":\"https:\\\/\\\/numerology-code.com\\\/hr\\\/?s={search_term_string}\"},\"query-input\":{\"@type\":\"PropertyValueSpecification\",\"valueRequired\":true,\"valueName\":\"search_term_string\"}}],\"inLanguage\":\"hr\"}]}<\/script>\n<!-- \/ Yoast SEO plugin. -->","yoast_head_json":{"title":"- stupac Numerology code","description":"Kolumna je ona kroz koju saznajete numerolo\u0161ke tajne koje nas o\u010dekuju u narednom razdoblju i obja\u0161njavate one koje su se ve\u0107 dogodile.","robots":{"index":"index","follow":"follow","max-snippet":"max-snippet:-1","max-image-preview":"max-image-preview:large","max-video-preview":"max-video-preview:-1"},"canonical":"https:\/\/numerology-code.com\/hr\/stupac\/","og_locale":"hr_HR","og_type":"article","og_title":"6 bodova sre\u0107e","og_description":"6 BODOVA SRE\u0106E Zbog novih-razli\u010ditih numerolo\u0161kih kombinacija i promjena glavnih brojeva tijekom cijele 2022. godine koje utje\u010du na va\u0161e...","og_url":"https:\/\/numerology-code.com\/hr\/stupac\/","og_site_name":"Numerology code","article_modified_time":"2026-01-14T17:23:32+00:00","og_image":[{"url":"https:\/\/karin.si\/wp-content\/uploads\/2021\/11\/Trgovina-Web-2.jpg","type":"","width":"","height":""}],"twitter_card":"summary_large_image","twitter_title":"6 bodova sre\u0107e","twitter_description":"6 BODOVA SRE\u0106E Zbog novih-razli\u010ditih numerolo\u0161kih kombinacija i promjena glavnih brojeva tijekom cijele 2022. godine koje utje\u010du na va\u0161e...","twitter_image":"https:\/\/karin.si\/wp-content\/uploads\/2021\/11\/Trgovina-Web-2.jpg","twitter_misc":{"Procijenjeno vrijeme \u010ditanja":"1 minuta"},"schema":{"@context":"https:\/\/schema.org","@graph":[{"@type":"WebPage","@id":"https:\/\/numerology-code.com\/hr\/stupac\/","url":"https:\/\/numerology-code.com\/hr\/stupac\/","name":"- stupac Numerology code","isPartOf":{"@id":"https:\/\/numerology-code.com\/hr\/#website"},"datePublished":"2023-07-12T05:15:56+00:00","dateModified":"2026-01-14T17:23:32+00:00","description":"Kolumna je ona kroz koju saznajete numerolo\u0161ke tajne koje nas o\u010dekuju u narednom razdoblju i obja\u0161njavate one koje su se ve\u0107 dogodile.","breadcrumb":{"@id":"https:\/\/numerology-code.com\/hr\/stupac\/#breadcrumb"},"inLanguage":"hr","potentialAction":[{"@type":"ReadAction","target":["https:\/\/numerology-code.com\/hr\/stupac\/"]}]},{"@type":"BreadcrumbList","@id":"https:\/\/numerology-code.com\/hr\/stupac\/#breadcrumb","itemListElement":[{"@type":"ListItem","position":1,"name":"Home","item":"https:\/\/numerology-code.com\/hr\/pocetna-stranica-2-3\/"},{"@type":"ListItem","position":2,"name":"Stupac"}]},{"@type":"WebSite","@id":"https:\/\/numerology-code.com\/hr\/#website","url":"https:\/\/numerology-code.com\/hr\/","name":"Numerology code","description":"","potentialAction":[{"@type":"SearchAction","target":{"@type":"EntryPoint","urlTemplate":"https:\/\/numerology-code.com\/hr\/?s={search_term_string}"},"query-input":{"@type":"PropertyValueSpecification","valueRequired":true,"valueName":"search_term_string"}}],"inLanguage":"hr"}]}},"publishpress_future_action":{"enabled":false,"date":"2026-05-03 18:38:53","action":"change-status","newStatus":"draft","terms":[],"taxonomy":"translation_priority","extraData":[]},"publishpress_future_workflow_manual_trigger":{"enabledWorkflows":[]},"_links":{"self":[{"href":"https:\/\/numerology-code.com\/hr\/wp-json\/wp\/v2\/pages\/55334","targetHints":{"allow":["GET"]}}],"collection":[{"href":"https:\/\/numerology-code.com\/hr\/wp-json\/wp\/v2\/pages"}],"about":[{"href":"https:\/\/numerology-code.com\/hr\/wp-json\/wp\/v2\/types\/page"}],"author":[{"embeddable":true,"href":"https:\/\/numerology-code.com\/hr\/wp-json\/wp\/v2\/users\/1723"}],"replies":[{"embeddable":true,"href":"https:\/\/numerology-code.com\/hr\/wp-json\/wp\/v2\/comments?post=55334"}],"version-history":[{"count":0,"href":"https:\/\/numerology-code.com\/hr\/wp-json\/wp\/v2\/pages\/55334\/revisions"}],"wp:attachment":[{"href":"https:\/\/numerology-code.com\/hr\/wp-json\/wp\/v2\/media?parent=55334"}],"curies":[{"name":"wp","href":"https:\/\/api.w.org\/{rel}","templated":true}]}}