{"id":55338,"date":"2016-05-19T12:24:04","date_gmt":"2016-05-19T10:24:04","guid":{"rendered":"https:\/\/numerology-code.com\/kontakt-2\/"},"modified":"2026-01-11T18:32:57","modified_gmt":"2026-01-11T17:32:57","slug":"kontakt-2","status":"publish","type":"page","link":"https:\/\/numerology-code.com\/hr\/kontakt-2\/","title":{"rendered":"Kontakt"},"content":{"rendered":"","protected":false},"excerpt":{"rendered":"","protected":false},"author":1,"featured_media":0,"parent":0,"menu_order":0,"comment_status":"closed","ping_status":"closed","template":"","meta":{"_acf_changed":false,"inline_featured_image":false,"footnotes":""},"class_list":["post-55338","page","type-page","status-publish","hentry"],"acf":[],"a3_pvc":{"activated":false,"total_views":0,"today_views":0},"yoast_head":"<!-- This site is optimized with the Yoast SEO plugin v27.4 - https:\/\/yoast.com\/product\/yoast-seo-wordpress\/ -->\n<title>za podr\u0161ku Kontakt - Numerology code<\/title>\n<meta name=\"description\" content=\"Ovdje je kontakt za vas da stupite u kontakt s timom numerolo\u0161kog koda. Ovdje smo da odgovorimo na pitanja o kupnji numerolo\u0161kih kodova.\" \/>\n<meta name=\"robots\" content=\"index, follow, max-snippet:-1, max-image-preview:large, max-video-preview:-1\" \/>\n<link rel=\"canonical\" href=\"https:\/\/numerology-code.com\/hr\/kontakt-2\/\" \/>\n<meta property=\"og:locale\" content=\"hr_HR\" \/>\n<meta property=\"og:type\" content=\"article\" \/>\n<meta property=\"og:title\" content=\"za podr\u0161ku Kontakt - Numerology code\" \/>\n<meta property=\"og:description\" content=\"Ovdje je kontakt za vas da stupite u kontakt s timom numerolo\u0161kog koda. Ovdje smo da odgovorimo na pitanja o kupnji numerolo\u0161kih kodova.\" \/>\n<meta property=\"og:url\" content=\"https:\/\/numerology-code.com\/hr\/kontakt-2\/\" \/>\n<meta property=\"og:site_name\" content=\"Numerology code\" \/>\n<meta property=\"article:modified_time\" content=\"2026-01-11T17:32:57+00:00\" \/>\n<meta name=\"twitter:card\" content=\"summary_large_image\" \/>\n<script type=\"application\/ld+json\" class=\"yoast-schema-graph\">{\"@context\":\"https:\\\/\\\/schema.org\",\"@graph\":[{\"@type\":\"WebPage\",\"@id\":\"https:\\\/\\\/numerology-code.com\\\/hr\\\/kontakt-2\\\/\",\"url\":\"https:\\\/\\\/numerology-code.com\\\/hr\\\/kontakt-2\\\/\",\"name\":\"za podr\u0161ku Kontakt - Numerology code\",\"isPartOf\":{\"@id\":\"https:\\\/\\\/numerology-code.com\\\/hr\\\/#website\"},\"datePublished\":\"2016-05-19T10:24:04+00:00\",\"dateModified\":\"2026-01-11T17:32:57+00:00\",\"description\":\"Ovdje je kontakt za vas da stupite u kontakt s timom numerolo\u0161kog koda. Ovdje smo da odgovorimo na pitanja o kupnji numerolo\u0161kih kodova.\",\"breadcrumb\":{\"@id\":\"https:\\\/\\\/numerology-code.com\\\/hr\\\/kontakt-2\\\/#breadcrumb\"},\"inLanguage\":\"hr\",\"potentialAction\":[{\"@type\":\"ReadAction\",\"target\":[\"https:\\\/\\\/numerology-code.com\\\/hr\\\/kontakt-2\\\/\"]}]},{\"@type\":\"BreadcrumbList\",\"@id\":\"https:\\\/\\\/numerology-code.com\\\/hr\\\/kontakt-2\\\/#breadcrumb\",\"itemListElement\":[{\"@type\":\"ListItem\",\"position\":1,\"name\":\"Home\",\"item\":\"https:\\\/\\\/numerology-code.com\\\/hr\\\/pocetna-stranica-2-3\\\/\"},{\"@type\":\"ListItem\",\"position\":2,\"name\":\"Kontakt\"}]},{\"@type\":\"WebSite\",\"@id\":\"https:\\\/\\\/numerology-code.com\\\/hr\\\/#website\",\"url\":\"https:\\\/\\\/numerology-code.com\\\/hr\\\/\",\"name\":\"Numerology code\",\"description\":\"\",\"potentialAction\":[{\"@type\":\"SearchAction\",\"target\":{\"@type\":\"EntryPoint\",\"urlTemplate\":\"https:\\\/\\\/numerology-code.com\\\/hr\\\/?s={search_term_string}\"},\"query-input\":{\"@type\":\"PropertyValueSpecification\",\"valueRequired\":true,\"valueName\":\"search_term_string\"}}],\"inLanguage\":\"hr\"}]}<\/script>\n<!-- \/ Yoast SEO plugin. -->","yoast_head_json":{"title":"za podr\u0161ku Kontakt - Numerology code","description":"Ovdje je kontakt za vas da stupite u kontakt s timom numerolo\u0161kog koda. Ovdje smo da odgovorimo na pitanja o kupnji numerolo\u0161kih kodova.","robots":{"index":"index","follow":"follow","max-snippet":"max-snippet:-1","max-image-preview":"max-image-preview:large","max-video-preview":"max-video-preview:-1"},"canonical":"https:\/\/numerology-code.com\/hr\/kontakt-2\/","og_locale":"hr_HR","og_type":"article","og_title":"za podr\u0161ku Kontakt - Numerology code","og_description":"Ovdje je kontakt za vas da stupite u kontakt s timom numerolo\u0161kog koda. Ovdje smo da odgovorimo na pitanja o kupnji numerolo\u0161kih kodova.","og_url":"https:\/\/numerology-code.com\/hr\/kontakt-2\/","og_site_name":"Numerology code","article_modified_time":"2026-01-11T17:32:57+00:00","twitter_card":"summary_large_image","schema":{"@context":"https:\/\/schema.org","@graph":[{"@type":"WebPage","@id":"https:\/\/numerology-code.com\/hr\/kontakt-2\/","url":"https:\/\/numerology-code.com\/hr\/kontakt-2\/","name":"za podr\u0161ku Kontakt - Numerology code","isPartOf":{"@id":"https:\/\/numerology-code.com\/hr\/#website"},"datePublished":"2016-05-19T10:24:04+00:00","dateModified":"2026-01-11T17:32:57+00:00","description":"Ovdje je kontakt za vas da stupite u kontakt s timom numerolo\u0161kog koda. Ovdje smo da odgovorimo na pitanja o kupnji numerolo\u0161kih kodova.","breadcrumb":{"@id":"https:\/\/numerology-code.com\/hr\/kontakt-2\/#breadcrumb"},"inLanguage":"hr","potentialAction":[{"@type":"ReadAction","target":["https:\/\/numerology-code.com\/hr\/kontakt-2\/"]}]},{"@type":"BreadcrumbList","@id":"https:\/\/numerology-code.com\/hr\/kontakt-2\/#breadcrumb","itemListElement":[{"@type":"ListItem","position":1,"name":"Home","item":"https:\/\/numerology-code.com\/hr\/pocetna-stranica-2-3\/"},{"@type":"ListItem","position":2,"name":"Kontakt"}]},{"@type":"WebSite","@id":"https:\/\/numerology-code.com\/hr\/#website","url":"https:\/\/numerology-code.com\/hr\/","name":"Numerology code","description":"","potentialAction":[{"@type":"SearchAction","target":{"@type":"EntryPoint","urlTemplate":"https:\/\/numerology-code.com\/hr\/?s={search_term_string}"},"query-input":{"@type":"PropertyValueSpecification","valueRequired":true,"valueName":"search_term_string"}}],"inLanguage":"hr"}]}},"publishpress_future_action":{"enabled":false,"date":"2026-05-03 18:27:58","action":"change-status","newStatus":"draft","terms":[],"taxonomy":"translation_priority","extraData":[]},"publishpress_future_workflow_manual_trigger":{"enabledWorkflows":[]},"_links":{"self":[{"href":"https:\/\/numerology-code.com\/hr\/wp-json\/wp\/v2\/pages\/55338","targetHints":{"allow":["GET"]}}],"collection":[{"href":"https:\/\/numerology-code.com\/hr\/wp-json\/wp\/v2\/pages"}],"about":[{"href":"https:\/\/numerology-code.com\/hr\/wp-json\/wp\/v2\/types\/page"}],"author":[{"embeddable":true,"href":"https:\/\/numerology-code.com\/hr\/wp-json\/wp\/v2\/users\/1"}],"replies":[{"embeddable":true,"href":"https:\/\/numerology-code.com\/hr\/wp-json\/wp\/v2\/comments?post=55338"}],"version-history":[{"count":0,"href":"https:\/\/numerology-code.com\/hr\/wp-json\/wp\/v2\/pages\/55338\/revisions"}],"wp:attachment":[{"href":"https:\/\/numerology-code.com\/hr\/wp-json\/wp\/v2\/media?parent=55338"}],"curies":[{"name":"wp","href":"https:\/\/api.w.org\/{rel}","templated":true}]}}