{"id":71751,"date":"2025-01-29T08:35:00","date_gmt":"2025-01-29T07:35:00","guid":{"rendered":"https:\/\/numerology-code.com\/?page_id=71751"},"modified":"2025-05-24T16:34:54","modified_gmt":"2025-05-24T14:34:54","slug":"bodovi-uspjeha-2025","status":"publish","type":"page","link":"https:\/\/numerology-code.com\/hr\/bodovi-uspjeha-2025\/","title":{"rendered":"Bodovi uspjeha (2025)"},"content":{"rendered":"","protected":false},"excerpt":{"rendered":"","protected":false},"author":28,"featured_media":0,"parent":0,"menu_order":0,"comment_status":"closed","ping_status":"closed","template":"","meta":{"_acf_changed":false,"inline_featured_image":false,"footnotes":""},"class_list":["post-71751","page","type-page","status-publish","hentry"],"acf":[],"a3_pvc":{"activated":false,"total_views":0,"today_views":0},"yoast_head":"<!-- This site is optimized with the Yoast SEO plugin v27.5 - https:\/\/yoast.com\/product\/yoast-seo-wordpress\/ -->\n<title>Bodovi uspjeha (2025) - Numerology code<\/title>\n<meta name=\"description\" content=\"Otkrijte jedinstveni numerolo\u0161ki kod &quot;Your Destiny&quot; i aktivirajte svoj potencijal da dosegnete vrhunac svoje najva\u017enije pri\u010de. Kombinirajte datume ro\u0111enja, doga\u0111aje, uspomene, \u017eelje i ljude i pove\u017eite ih sa svojom sudbinom, omogu\u0107uju\u0107i vam da promijenite svoj \u017eivot. Ne propustite vremenski ograni\u010denu priliku! Aktivirajte svoju sudbinu i stvorite nezaboravno putovanje do uspjeha. Pridru\u017eite nam se danas na na\u0161oj web stranici.\" \/>\n<meta name=\"robots\" content=\"index, follow, max-snippet:-1, max-image-preview:large, max-video-preview:-1\" \/>\n<link rel=\"canonical\" href=\"https:\/\/numerology-code.com\/hr\/bodovi-uspjeha-2025\/\" \/>\n<meta property=\"og:locale\" content=\"hr_HR\" \/>\n<meta property=\"og:type\" content=\"article\" \/>\n<meta property=\"og:title\" content=\"Numerolo\u0161ki kod &quot;Tvoja sudbina\" \/>\n<meta property=\"og:description\" content=\"Otkrijte jedinstveni numerolo\u0161ki kod &quot;Your Destiny&quot; i aktivirajte svoj potencijal da dosegnete vrhunac svoje najva\u017enije pri\u010de. Kombinirajte datume ro\u0111enja, doga\u0111aje, uspomene, \u017eelje i ljude i pove\u017eite ih sa svojom sudbinom, omogu\u0107uju\u0107i vam da promijenite svoj \u017eivot. Ne propustite vremenski ograni\u010denu priliku! Aktivirajte svoju sudbinu i stvorite nezaboravno putovanje do uspjeha. Pridru\u017eite nam se danas na na\u0161oj web stranici.\" \/>\n<meta property=\"og:url\" content=\"https:\/\/numerology-code.com\/hr\/bodovi-uspjeha-2025\/\" \/>\n<meta property=\"og:site_name\" content=\"Numerology code\" \/>\n<meta property=\"article:modified_time\" content=\"2025-05-24T14:34:54+00:00\" \/>\n<meta property=\"og:image\" content=\"https:\/\/karin.si\/wp-content\/uploads\/2023\/05\/Trgovina-Web.jpg\" \/>\n<meta name=\"twitter:card\" content=\"summary_large_image\" \/>\n<meta name=\"twitter:title\" content=\"TVOJA SUDBINA\" \/>\n<meta name=\"twitter:description\" content=\"Otkrijte jedinstveni numerolo\u0161ki kod &quot;Your Destiny&quot; i aktivirajte svoj potencijal da dosegnete vrhunac svoje najva\u017enije pri\u010de. Kombinirajte datume ro\u0111enja, doga\u0111aje, uspomene, \u017eelje i ljude i pove\u017eite ih sa svojom sudbinom, omogu\u0107uju\u0107i vam da promijenite svoj \u017eivot. Ne propustite vremenski ograni\u010denu priliku! Aktivirajte svoju sudbinu i stvorite nezaboravno putovanje do uspjeha. Pridru\u017eite nam se danas na na\u0161oj web stranici.\" \/>\n<meta name=\"twitter:image\" content=\"https:\/\/karin.si\/wp-content\/uploads\/2023\/05\/Trgovina-Web.jpg\" \/>\n<script type=\"application\/ld+json\" class=\"yoast-schema-graph\">{\"@context\":\"https:\\\/\\\/schema.org\",\"@graph\":[{\"@type\":\"WebPage\",\"@id\":\"https:\\\/\\\/numerology-code.com\\\/hr\\\/bodovi-uspjeha-2025\\\/\",\"url\":\"https:\\\/\\\/numerology-code.com\\\/hr\\\/bodovi-uspjeha-2025\\\/\",\"name\":\"Bodovi uspjeha (2025) - Numerology code\",\"isPartOf\":{\"@id\":\"https:\\\/\\\/numerology-code.com\\\/hr\\\/#website\"},\"datePublished\":\"2025-01-29T07:35:00+00:00\",\"dateModified\":\"2025-05-24T14:34:54+00:00\",\"description\":\"Otkrijte jedinstveni numerolo\u0161ki kod \\\"Your Destiny\\\" i aktivirajte svoj potencijal da dosegnete vrhunac svoje najva\u017enije pri\u010de. Kombinirajte datume ro\u0111enja, doga\u0111aje, uspomene, \u017eelje i ljude i pove\u017eite ih sa svojom sudbinom, omogu\u0107uju\u0107i vam da promijenite svoj \u017eivot. Ne propustite vremenski ograni\u010denu priliku! Aktivirajte svoju sudbinu i stvorite nezaboravno putovanje do uspjeha. Pridru\u017eite nam se danas na na\u0161oj web stranici.\",\"breadcrumb\":{\"@id\":\"https:\\\/\\\/numerology-code.com\\\/hr\\\/bodovi-uspjeha-2025\\\/#breadcrumb\"},\"inLanguage\":\"hr\",\"potentialAction\":[{\"@type\":\"ReadAction\",\"target\":[\"https:\\\/\\\/numerology-code.com\\\/hr\\\/bodovi-uspjeha-2025\\\/\"]}]},{\"@type\":\"BreadcrumbList\",\"@id\":\"https:\\\/\\\/numerology-code.com\\\/hr\\\/bodovi-uspjeha-2025\\\/#breadcrumb\",\"itemListElement\":[{\"@type\":\"ListItem\",\"position\":1,\"name\":\"Home\",\"item\":\"https:\\\/\\\/numerology-code.com\\\/hr\\\/pocetna-stranica-2-3\\\/\"},{\"@type\":\"ListItem\",\"position\":2,\"name\":\"Bodovi uspjeha (2025)\"}]},{\"@type\":\"WebSite\",\"@id\":\"https:\\\/\\\/numerology-code.com\\\/hr\\\/#website\",\"url\":\"https:\\\/\\\/numerology-code.com\\\/hr\\\/\",\"name\":\"Numerology code\",\"description\":\"\",\"potentialAction\":[{\"@type\":\"SearchAction\",\"target\":{\"@type\":\"EntryPoint\",\"urlTemplate\":\"https:\\\/\\\/numerology-code.com\\\/hr\\\/?s={search_term_string}\"},\"query-input\":{\"@type\":\"PropertyValueSpecification\",\"valueRequired\":true,\"valueName\":\"search_term_string\"}}],\"inLanguage\":\"hr\"}]}<\/script>\n<!-- \/ Yoast SEO plugin. -->","yoast_head_json":{"title":"Bodovi uspjeha (2025) - Numerology code","description":"Otkrijte jedinstveni numerolo\u0161ki kod \"Your Destiny\" i aktivirajte svoj potencijal da dosegnete vrhunac svoje najva\u017enije pri\u010de. Kombinirajte datume ro\u0111enja, doga\u0111aje, uspomene, \u017eelje i ljude i pove\u017eite ih sa svojom sudbinom, omogu\u0107uju\u0107i vam da promijenite svoj \u017eivot. Ne propustite vremenski ograni\u010denu priliku! Aktivirajte svoju sudbinu i stvorite nezaboravno putovanje do uspjeha. Pridru\u017eite nam se danas na na\u0161oj web stranici.","robots":{"index":"index","follow":"follow","max-snippet":"max-snippet:-1","max-image-preview":"max-image-preview:large","max-video-preview":"max-video-preview:-1"},"canonical":"https:\/\/numerology-code.com\/hr\/bodovi-uspjeha-2025\/","og_locale":"hr_HR","og_type":"article","og_title":"Numerolo\u0161ki kod \"Tvoja sudbina","og_description":"Otkrijte jedinstveni numerolo\u0161ki kod \"Your Destiny\" i aktivirajte svoj potencijal da dosegnete vrhunac svoje najva\u017enije pri\u010de. Kombinirajte datume ro\u0111enja, doga\u0111aje, uspomene, \u017eelje i ljude i pove\u017eite ih sa svojom sudbinom, omogu\u0107uju\u0107i vam da promijenite svoj \u017eivot. Ne propustite vremenski ograni\u010denu priliku! Aktivirajte svoju sudbinu i stvorite nezaboravno putovanje do uspjeha. Pridru\u017eite nam se danas na na\u0161oj web stranici.","og_url":"https:\/\/numerology-code.com\/hr\/bodovi-uspjeha-2025\/","og_site_name":"Numerology code","article_modified_time":"2025-05-24T14:34:54+00:00","og_image":[{"url":"https:\/\/karin.si\/wp-content\/uploads\/2023\/05\/Trgovina-Web.jpg","type":"","width":"","height":""}],"twitter_card":"summary_large_image","twitter_title":"TVOJA SUDBINA","twitter_description":"Otkrijte jedinstveni numerolo\u0161ki kod \"Your Destiny\" i aktivirajte svoj potencijal da dosegnete vrhunac svoje najva\u017enije pri\u010de. Kombinirajte datume ro\u0111enja, doga\u0111aje, uspomene, \u017eelje i ljude i pove\u017eite ih sa svojom sudbinom, omogu\u0107uju\u0107i vam da promijenite svoj \u017eivot. Ne propustite vremenski ograni\u010denu priliku! Aktivirajte svoju sudbinu i stvorite nezaboravno putovanje do uspjeha. Pridru\u017eite nam se danas na na\u0161oj web stranici.","twitter_image":"https:\/\/karin.si\/wp-content\/uploads\/2023\/05\/Trgovina-Web.jpg","schema":{"@context":"https:\/\/schema.org","@graph":[{"@type":"WebPage","@id":"https:\/\/numerology-code.com\/hr\/bodovi-uspjeha-2025\/","url":"https:\/\/numerology-code.com\/hr\/bodovi-uspjeha-2025\/","name":"Bodovi uspjeha (2025) - Numerology code","isPartOf":{"@id":"https:\/\/numerology-code.com\/hr\/#website"},"datePublished":"2025-01-29T07:35:00+00:00","dateModified":"2025-05-24T14:34:54+00:00","description":"Otkrijte jedinstveni numerolo\u0161ki kod \"Your Destiny\" i aktivirajte svoj potencijal da dosegnete vrhunac svoje najva\u017enije pri\u010de. Kombinirajte datume ro\u0111enja, doga\u0111aje, uspomene, \u017eelje i ljude i pove\u017eite ih sa svojom sudbinom, omogu\u0107uju\u0107i vam da promijenite svoj \u017eivot. Ne propustite vremenski ograni\u010denu priliku! Aktivirajte svoju sudbinu i stvorite nezaboravno putovanje do uspjeha. Pridru\u017eite nam se danas na na\u0161oj web stranici.","breadcrumb":{"@id":"https:\/\/numerology-code.com\/hr\/bodovi-uspjeha-2025\/#breadcrumb"},"inLanguage":"hr","potentialAction":[{"@type":"ReadAction","target":["https:\/\/numerology-code.com\/hr\/bodovi-uspjeha-2025\/"]}]},{"@type":"BreadcrumbList","@id":"https:\/\/numerology-code.com\/hr\/bodovi-uspjeha-2025\/#breadcrumb","itemListElement":[{"@type":"ListItem","position":1,"name":"Home","item":"https:\/\/numerology-code.com\/hr\/pocetna-stranica-2-3\/"},{"@type":"ListItem","position":2,"name":"Bodovi uspjeha (2025)"}]},{"@type":"WebSite","@id":"https:\/\/numerology-code.com\/hr\/#website","url":"https:\/\/numerology-code.com\/hr\/","name":"Numerology code","description":"","potentialAction":[{"@type":"SearchAction","target":{"@type":"EntryPoint","urlTemplate":"https:\/\/numerology-code.com\/hr\/?s={search_term_string}"},"query-input":{"@type":"PropertyValueSpecification","valueRequired":true,"valueName":"search_term_string"}}],"inLanguage":"hr"}]}},"publishpress_future_action":{"enabled":false,"date":"2026-05-17 19:28:28","action":"change-status","newStatus":"draft","terms":[],"taxonomy":"translation_priority","extraData":[]},"publishpress_future_workflow_manual_trigger":{"enabledWorkflows":[]},"_links":{"self":[{"href":"https:\/\/numerology-code.com\/hr\/wp-json\/wp\/v2\/pages\/71751","targetHints":{"allow":["GET"]}}],"collection":[{"href":"https:\/\/numerology-code.com\/hr\/wp-json\/wp\/v2\/pages"}],"about":[{"href":"https:\/\/numerology-code.com\/hr\/wp-json\/wp\/v2\/types\/page"}],"author":[{"embeddable":true,"href":"https:\/\/numerology-code.com\/hr\/wp-json\/wp\/v2\/users\/28"}],"replies":[{"embeddable":true,"href":"https:\/\/numerology-code.com\/hr\/wp-json\/wp\/v2\/comments?post=71751"}],"version-history":[{"count":0,"href":"https:\/\/numerology-code.com\/hr\/wp-json\/wp\/v2\/pages\/71751\/revisions"}],"wp:attachment":[{"href":"https:\/\/numerology-code.com\/hr\/wp-json\/wp\/v2\/media?parent=71751"}],"curies":[{"name":"wp","href":"https:\/\/api.w.org\/{rel}","templated":true}]}}