{"id":97492,"date":"2026-04-26T06:00:00","date_gmt":"2026-04-26T04:00:00","guid":{"rendered":"https:\/\/numerology-code.com\/?page_id=97492"},"modified":"2026-04-25T20:53:31","modified_gmt":"2026-04-25T18:53:31","slug":"sudbina-vidhi-code-108","status":"publish","type":"page","link":"https:\/\/numerology-code.com\/hr\/sudbina-vidhi-code-108\/","title":{"rendered":"SUDBINA \/ VIDHI &#8211; CODE 108"},"content":{"rendered":"","protected":false},"excerpt":{"rendered":"","protected":false},"author":28,"featured_media":0,"parent":0,"menu_order":0,"comment_status":"closed","ping_status":"closed","template":"","meta":{"_acf_changed":false,"inline_featured_image":false,"footnotes":""},"class_list":["post-97492","page","type-page","status-publish","hentry"],"acf":[],"a3_pvc":{"activated":false,"total_views":0,"today_views":0},"yoast_head":"<!-- This site is optimized with the Yoast SEO plugin v27.4 - https:\/\/yoast.com\/product\/yoast-seo-wordpress\/ -->\n<title>SUDBINA \/ VIDHI - CODE 108 - Numerology code<\/title>\n<meta name=\"description\" content=\"TVOJE AKTIVIRANJE SUDBINE u namjeri, u kozmi\u010dkom redu za sve \u0161to \u017eivi\u0161, \u0161to \u017eeli\u0161, \u0161to dolazi.\" \/>\n<meta name=\"robots\" content=\"index, follow, max-snippet:-1, max-image-preview:large, max-video-preview:-1\" \/>\n<link rel=\"canonical\" href=\"https:\/\/numerology-code.com\/hr\/sudbina-vidhi-code-108\/\" \/>\n<meta property=\"og:locale\" content=\"hr_HR\" \/>\n<meta property=\"og:type\" content=\"article\" \/>\n<meta property=\"og:title\" content=\"SUDBINA \/ VIDHI - CODE 108 - Numerology code\" \/>\n<meta property=\"og:description\" content=\"TVOJE AKTIVIRANJE SUDBINE u namjeri, u kozmi\u010dkom redu za sve \u0161to \u017eivi\u0161, \u0161to \u017eeli\u0161, \u0161to dolazi.\" \/>\n<meta property=\"og:url\" content=\"https:\/\/numerology-code.com\/hr\/sudbina-vidhi-code-108\/\" \/>\n<meta property=\"og:site_name\" content=\"Numerology code\" \/>\n<meta property=\"og:image\" content=\"https:\/\/karin.si\/wp-content\/uploads\/2023\/05\/Trgovina-Web.jpg\" \/>\n<meta name=\"twitter:card\" content=\"summary_large_image\" \/>\n<meta name=\"twitter:image\" content=\"https:\/\/karin.si\/wp-content\/uploads\/2023\/05\/Trgovina-Web.jpg\" \/>\n<script type=\"application\/ld+json\" class=\"yoast-schema-graph\">{\"@context\":\"https:\\\/\\\/schema.org\",\"@graph\":[{\"@type\":\"WebPage\",\"@id\":\"https:\\\/\\\/numerology-code.com\\\/hr\\\/sudbina-vidhi-code-108\\\/\",\"url\":\"https:\\\/\\\/numerology-code.com\\\/hr\\\/sudbina-vidhi-code-108\\\/\",\"name\":\"SUDBINA \\\/ VIDHI - CODE 108 - Numerology code\",\"isPartOf\":{\"@id\":\"https:\\\/\\\/numerology-code.com\\\/hr\\\/#website\"},\"datePublished\":\"2026-04-26T04:00:00+00:00\",\"description\":\"TVOJE AKTIVIRANJE SUDBINE u namjeri, u kozmi\u010dkom redu za sve \u0161to \u017eivi\u0161, \u0161to \u017eeli\u0161, \u0161to dolazi.\",\"breadcrumb\":{\"@id\":\"https:\\\/\\\/numerology-code.com\\\/hr\\\/sudbina-vidhi-code-108\\\/#breadcrumb\"},\"inLanguage\":\"hr\",\"potentialAction\":[{\"@type\":\"ReadAction\",\"target\":[\"https:\\\/\\\/numerology-code.com\\\/hr\\\/sudbina-vidhi-code-108\\\/\"]}]},{\"@type\":\"BreadcrumbList\",\"@id\":\"https:\\\/\\\/numerology-code.com\\\/hr\\\/sudbina-vidhi-code-108\\\/#breadcrumb\",\"itemListElement\":[{\"@type\":\"ListItem\",\"position\":1,\"name\":\"Home\",\"item\":\"https:\\\/\\\/numerology-code.com\\\/hr\\\/pocetna-stranica-2-3\\\/\"},{\"@type\":\"ListItem\",\"position\":2,\"name\":\"SUDBINA \\\/ VIDHI &#8211; CODE 108\"}]},{\"@type\":\"WebSite\",\"@id\":\"https:\\\/\\\/numerology-code.com\\\/hr\\\/#website\",\"url\":\"https:\\\/\\\/numerology-code.com\\\/hr\\\/\",\"name\":\"Numerology code\",\"description\":\"\",\"potentialAction\":[{\"@type\":\"SearchAction\",\"target\":{\"@type\":\"EntryPoint\",\"urlTemplate\":\"https:\\\/\\\/numerology-code.com\\\/hr\\\/?s={search_term_string}\"},\"query-input\":{\"@type\":\"PropertyValueSpecification\",\"valueRequired\":true,\"valueName\":\"search_term_string\"}}],\"inLanguage\":\"hr\"}]}<\/script>\n<!-- \/ Yoast SEO plugin. -->","yoast_head_json":{"title":"SUDBINA \/ VIDHI - CODE 108 - Numerology code","description":"TVOJE AKTIVIRANJE SUDBINE u namjeri, u kozmi\u010dkom redu za sve \u0161to \u017eivi\u0161, \u0161to \u017eeli\u0161, \u0161to dolazi.","robots":{"index":"index","follow":"follow","max-snippet":"max-snippet:-1","max-image-preview":"max-image-preview:large","max-video-preview":"max-video-preview:-1"},"canonical":"https:\/\/numerology-code.com\/hr\/sudbina-vidhi-code-108\/","og_locale":"hr_HR","og_type":"article","og_title":"SUDBINA \/ VIDHI - CODE 108 - Numerology code","og_description":"TVOJE AKTIVIRANJE SUDBINE u namjeri, u kozmi\u010dkom redu za sve \u0161to \u017eivi\u0161, \u0161to \u017eeli\u0161, \u0161to dolazi.","og_url":"https:\/\/numerology-code.com\/hr\/sudbina-vidhi-code-108\/","og_site_name":"Numerology code","og_image":[{"url":"https:\/\/karin.si\/wp-content\/uploads\/2023\/05\/Trgovina-Web.jpg","type":"","width":"","height":""}],"twitter_card":"summary_large_image","twitter_image":"https:\/\/karin.si\/wp-content\/uploads\/2023\/05\/Trgovina-Web.jpg","schema":{"@context":"https:\/\/schema.org","@graph":[{"@type":"WebPage","@id":"https:\/\/numerology-code.com\/hr\/sudbina-vidhi-code-108\/","url":"https:\/\/numerology-code.com\/hr\/sudbina-vidhi-code-108\/","name":"SUDBINA \/ VIDHI - CODE 108 - Numerology code","isPartOf":{"@id":"https:\/\/numerology-code.com\/hr\/#website"},"datePublished":"2026-04-26T04:00:00+00:00","description":"TVOJE AKTIVIRANJE SUDBINE u namjeri, u kozmi\u010dkom redu za sve \u0161to \u017eivi\u0161, \u0161to \u017eeli\u0161, \u0161to dolazi.","breadcrumb":{"@id":"https:\/\/numerology-code.com\/hr\/sudbina-vidhi-code-108\/#breadcrumb"},"inLanguage":"hr","potentialAction":[{"@type":"ReadAction","target":["https:\/\/numerology-code.com\/hr\/sudbina-vidhi-code-108\/"]}]},{"@type":"BreadcrumbList","@id":"https:\/\/numerology-code.com\/hr\/sudbina-vidhi-code-108\/#breadcrumb","itemListElement":[{"@type":"ListItem","position":1,"name":"Home","item":"https:\/\/numerology-code.com\/hr\/pocetna-stranica-2-3\/"},{"@type":"ListItem","position":2,"name":"SUDBINA \/ VIDHI &#8211; CODE 108"}]},{"@type":"WebSite","@id":"https:\/\/numerology-code.com\/hr\/#website","url":"https:\/\/numerology-code.com\/hr\/","name":"Numerology code","description":"","potentialAction":[{"@type":"SearchAction","target":{"@type":"EntryPoint","urlTemplate":"https:\/\/numerology-code.com\/hr\/?s={search_term_string}"},"query-input":{"@type":"PropertyValueSpecification","valueRequired":true,"valueName":"search_term_string"}}],"inLanguage":"hr"}]}},"publishpress_future_action":{"enabled":false,"date":"2026-05-03 17:00:39","action":"change-status","newStatus":"draft","terms":[],"taxonomy":"translation_priority","extraData":[]},"publishpress_future_workflow_manual_trigger":{"enabledWorkflows":[]},"_links":{"self":[{"href":"https:\/\/numerology-code.com\/hr\/wp-json\/wp\/v2\/pages\/97492","targetHints":{"allow":["GET"]}}],"collection":[{"href":"https:\/\/numerology-code.com\/hr\/wp-json\/wp\/v2\/pages"}],"about":[{"href":"https:\/\/numerology-code.com\/hr\/wp-json\/wp\/v2\/types\/page"}],"author":[{"embeddable":true,"href":"https:\/\/numerology-code.com\/hr\/wp-json\/wp\/v2\/users\/28"}],"replies":[{"embeddable":true,"href":"https:\/\/numerology-code.com\/hr\/wp-json\/wp\/v2\/comments?post=97492"}],"version-history":[{"count":1,"href":"https:\/\/numerology-code.com\/hr\/wp-json\/wp\/v2\/pages\/97492\/revisions"}],"predecessor-version":[{"id":97573,"href":"https:\/\/numerology-code.com\/hr\/wp-json\/wp\/v2\/pages\/97492\/revisions\/97573"}],"wp:attachment":[{"href":"https:\/\/numerology-code.com\/hr\/wp-json\/wp\/v2\/media?parent=97492"}],"curies":[{"name":"wp","href":"https:\/\/api.w.org\/{rel}","templated":true}]}}